{"id":11,"date":"2020-05-11T16:01:27","date_gmt":"2020-05-11T16:01:27","guid":{"rendered":"http:\/\/motorradinstruktor.com\/?page_id=11"},"modified":"2025-04-01T15:33:28","modified_gmt":"2025-04-01T15:33:28","slug":"training-auf-der-rennstrecke","status":"publish","type":"page","link":"https:\/\/motorradinstruktor.com\/?page_id=11","title":{"rendered":"TRAINING AUF DER RENNSTRECKE"},"content":{"rendered":"\n<p><strong>Aktuelle Termine f\u00fcr 2025:<\/strong><\/p>\n\n\n<h3><span style=\"color: #0000ff;\">Unser Fr\u00fchjahrs-Mittelmeer Event in Kroatien!<\/span><\/h3>\n<ul>\n<li>Rijeka-Grobnik Circuit <strong>12.05. &#8211; 14.05. 2025<\/strong> (Privates Event! Bitte schreibt mich an unter <strong>motorradinstruktor@gmx. de<\/strong> oder <strong>thomas.gruenter@web.de<\/strong> f\u00fcr weitere Informationen)<\/li>\n<\/ul>\n<p><strong><em>Details<\/em><\/strong>:<\/p>\n<p><strong>Dauer<\/strong>=3 Tage\/pro Tag ca. 6 Turns \u00e1 20min \/\/ Achtung: nur das komplette Training ist buchbar.<\/p>\n<p><strong>Ort<\/strong>=Rijeka-Grobnik Circuit<\/p>\n<p><strong>Teilnehmer<\/strong>=maximal 2 Personen \/\/ Es wird in der Regel in 4 Bl\u00f6cken gefahren (blau bis schwarz), die Teilnehmer k\u00f6nnen sich auf 2 Bl\u00f6cke beziehen.<\/p>\n<p><strong>Kosten<\/strong>=600\u20ac (pro Tag 200\u20ac; nur Training; Hotel und etc. alles extra auf eigene Kosten!)<\/p>\n<p><span style=\"color: #ff0000;\"><strong><em>Status April 2025: 1 Platz verf\u00fcgbar!<\/em><\/strong><\/span><\/p>\n<hr \/>\n<h3><span style=\"color: #0000ff;\">Unsere \u00fcbliche &#8222;Deutschlandrunde&#8220;!<\/span><\/h3>\n<ul>\n<li>\n<p><del>Driving Center Gross D\u00f6lln<span style=\"font-size: 1rem;\">\u00a0<strong>#1<\/strong>\u00a0<strong>26<\/strong><\/span><strong style=\"font-size: 1rem;\">.05. &#8211; 28.05. 2025\u00a0<\/strong><span style=\"font-size: 1rem;\">(Privates Event! Bitte schreibt mich an unter <strong style=\"font-size: 1rem;\">motorradinstruktor@gmx. de<\/strong> oder <strong style=\"font-size: 1rem;\">thomas.gruenter@web.de<\/strong> f\u00fcr weitere Informationen)<\/span><\/del><\/p>\n<\/li>\n<\/ul>\n<p><del><span style=\"font-size: 1rem;\">Hinweis: aufgrund\u00a0<\/span>parallelem Event S\u00fcdtirol kann ich Euch gerne an einen anderen Trainerkollegen vermitteln! Ich bin in S\u00fcdtirol!<\/del><\/p>\n<p><del><strong><em>Details<\/em><\/strong>:<\/del><\/p>\n<p><del><strong>Dauer<\/strong>=3 Tage\/pro Tag ca. 6 Turns \u00e1 20min \/\/ Achtung: nur das komplette Training ist buchbar.<\/del><\/p>\n<p><del><strong>Ort<\/strong>=Driving Center Gross D\u00f6lln<\/del><\/p>\n<p><del><strong>Teilnehmer<\/strong>=maximal 2 Personen \/\/ Es wird in der Regel in 4 Bl\u00f6cken gefahren (blau bis schwarz), die Teilnehmer k\u00f6nnen sich auf 2 Bl\u00f6cke beziehen.<\/del><\/p>\n<p><del><strong>Kosten<\/strong>=600\u20ac (pro Tag 200\u20ac; nur Training; Hotel und etc. alles extra auf eigene Kosten!)<\/del><\/p>\n<p><del><span style=\"color: #ff0000;\"><strong><em>Status April 2025: Ausgebucht!<\/em><\/strong><\/span><\/del><\/p>\n<hr \/>\n<ul>\n<li>\n<p><del><span style=\"font-size: 1rem;\">Sachsenring <strong>12.06. &#8211; 13.06. 2025\u00a0<\/strong> (Privates Event! Bitte schreibt mich an unter <strong style=\"font-size: 1rem;\">motorradinstruktor@gmx. de<\/strong> oder <strong style=\"font-size: 1rem;\">thomas.gruenter@web.de<\/strong> f\u00fcr weitere Informationen)<\/span><\/del><\/p>\n<\/li>\n<\/ul>\n<p><del><span style=\"font-size: 1rem;\">Hinweis: aufgrund\u00a0<\/span>parallelem Event S\u00fcdtirol kann ich Euch gerne an einen anderen Trainerkollegen vermitteln! Ich bin in S\u00fcdtirol!<\/del><\/p>\n<p><del><strong><em>Details<\/em><\/strong>:<\/del><\/p>\n<p><del><strong>Dauer<\/strong>=2 Tage\/pro Tag ca. 6 Turns \u00e1 20min \/\/ Achtung: nur das komplette Training ist buchbar.<\/del><\/p>\n<p><del><strong>Ort<\/strong>=Sachsenring (die weltbekannte MotoGP Strecke in Hohenstein-Ernstthal)<\/del><\/p>\n<p><del><strong>Teilnehmer<\/strong>=maximal 2 Personen \/\/ Es wird in der Regel in 4 Bl\u00f6cken gefahren (blau bis schwarz), die Teilnehmer k\u00f6nnen sich auf 2 Bl\u00f6cke beziehen.<\/del><\/p>\n<p><del><strong>Kosten<\/strong>=400\u20ac (pro Tag 200\u20ac; nur Training; Hotel und etc. alles extra auf eigene Kosten!)<\/del><\/p>\n<p><del><span style=\"color: #ff0000;\"><strong><em>Status April 2025: Ausgebucht!<\/em><\/strong><\/span><\/del><\/p>\n<hr \/>\n<h3><span style=\"color: #0000ff;\">Saisonabschlu\u00df!<\/span><\/h3>\n<ul>\n<li>\n<p>Driving Center Gross D\u00f6lln<span style=\"font-size: 1rem;\">\u00a0<strong>#2 01<\/strong><\/span><strong style=\"font-size: 1rem;\">.09. &#8211; 03.09. 2025 <\/strong><span style=\"font-size: 1rem;\">(Privates Event! Bitte schreibt mich an unter <strong style=\"font-size: 1rem;\">motorradinstruktor@gmx. de<\/strong> oder <strong style=\"font-size: 1rem;\">thomas.gruenter@web.de<\/strong> f\u00fcr weitere Informationen)<\/span><\/p>\n<\/li>\n<\/ul>\n<p><strong><em>Details<\/em><\/strong>:<\/p>\n<p><strong>Dauer<\/strong>=3 Tage\/pro Tag ca. 6 Turns \u00e1 20min \/\/ Achtung: nur das komplette Training ist buchbar.<\/p>\n<p><strong>Ort<\/strong>=Driving Center Gross D\u00f6lln<\/p>\n<p><strong>Teilnehmer<\/strong>=maximal 2 Personen \/\/ Es wird in der Regel in 4 Bl\u00f6cken gefahren (blau bis schwarz), die Teilnehmer k\u00f6nnen sich auf 2 Bl\u00f6cke beziehen.<\/p>\n<p><strong>Kosten<\/strong>=600\u20ac (pro Tag 200\u20ac; nur Training; Hotel und etc. alles extra auf eigene Kosten!)<\/p>\n<p><strong style=\"color: #ff0000; font-size: revert;\"><em>Status April 2025: noch alles frei, 2 Pl\u00e4tze verf\u00fcgbar!<\/em><\/strong><\/p>\n<hr \/>\n\n\n<div class=\"wp-block-group\"><div class=\"wp-block-group__inner-container is-layout-constrained wp-block-group-is-layout-constrained\">\n<p class=\"has-large-font-size\"><strong>Konzept Training auf der Rennstrecke<\/strong><\/p>\n\n\n\n<figure class=\"wp-block-image size-large\"><img loading=\"lazy\" decoding=\"async\" width=\"1024\" height=\"768\" src=\"http:\/\/motorradinstruktor.com\/wp-content\/uploads\/2020\/05\/IMG_9657-1024x768.jpeg\" alt=\"\" class=\"wp-image-37\" srcset=\"https:\/\/motorradinstruktor.com\/wp-content\/uploads\/2020\/05\/IMG_9657-1024x768.jpeg 1024w, https:\/\/motorradinstruktor.com\/wp-content\/uploads\/2020\/05\/IMG_9657-300x225.jpeg 300w, https:\/\/motorradinstruktor.com\/wp-content\/uploads\/2020\/05\/IMG_9657-768x576.jpeg 768w, https:\/\/motorradinstruktor.com\/wp-content\/uploads\/2020\/05\/IMG_9657-1536x1152.jpeg 1536w, https:\/\/motorradinstruktor.com\/wp-content\/uploads\/2020\/05\/IMG_9657-2048x1536.jpeg 2048w\" sizes=\"auto, (max-width: 767px) 89vw, (max-width: 1000px) 54vw, (max-width: 1071px) 543px, 580px\" \/><figcaption class=\"wp-element-caption\">Mit Teilnehmern zum individuellen Coaching in Mugello<\/figcaption><\/figure>\n<\/div><\/div>\n\n\n\n<ul class=\"wp-block-list\">\n<li>Terminfestlegung m\u00f6glichst 2-3 Monate vorher und Durchsprache der Trainigsform<\/li>\n\n\n\n<li>Separates Einbuchen bei einem namhaften Trainingsveranstalter (z. B. Rehm) oder bei privaten Trainingsevents<\/li>\n\n\n\n<li>Gemeinsames Fahren im Rahmen des definierten Blockes<\/li>\n\n\n\n<li>W\u00e4hrend des Turns: Beobachtung des Teilnehmers in Verbindung mit Videoanalyse<\/li>\n\n\n\n<li>Nach dem Turn individuelles Feedback, Videoanalyse und ggf.s Datarecording Auswertung<\/li>\n\n\n\n<li>Trainingsform nur individuell oder mit max. 2 Teilnehmern m\u00f6glich, da im Endeffekt frei in den Turns der Trainings gefahren wird.<\/li>\n<\/ul>\n","protected":false},"excerpt":{"rendered":"<p>Aktuelle Termine f\u00fcr 2025: Unser Fr\u00fchjahrs-Mittelmeer Event in Kroatien! Rijeka-Grobnik Circuit 12.05. &#8211; 14.05. 2025 (Privates Event! Bitte schreibt mich an unter motorradinstruktor@gmx. de oder thomas.gruenter@web.de f\u00fcr weitere Informationen) Details: Dauer=3 Tage\/pro Tag ca. 6 Turns \u00e1 20min \/\/ Achtung: nur das komplette Training ist buchbar. Ort=Rijeka-Grobnik Circuit Teilnehmer=maximal 2 Personen \/\/ Es wird in &hellip; <\/p>\n<p class=\"link-more\"><a href=\"https:\/\/motorradinstruktor.com\/?page_id=11\" class=\"more-link\"><span class=\"screen-reader-text\">\u201eTRAINING AUF DER RENNSTRECKE\u201c<\/span> weiterlesen<\/a><\/p>\n","protected":false},"author":1,"featured_media":0,"parent":0,"menu_order":0,"comment_status":"closed","ping_status":"closed","template":"","meta":{"footnotes":""},"class_list":["post-11","page","type-page","status-publish","hentry"],"_links":{"self":[{"href":"https:\/\/motorradinstruktor.com\/index.php?rest_route=\/wp\/v2\/pages\/11","targetHints":{"allow":["GET"]}}],"collection":[{"href":"https:\/\/motorradinstruktor.com\/index.php?rest_route=\/wp\/v2\/pages"}],"about":[{"href":"https:\/\/motorradinstruktor.com\/index.php?rest_route=\/wp\/v2\/types\/page"}],"author":[{"embeddable":true,"href":"https:\/\/motorradinstruktor.com\/index.php?rest_route=\/wp\/v2\/users\/1"}],"replies":[{"embeddable":true,"href":"https:\/\/motorradinstruktor.com\/index.php?rest_route=%2Fwp%2Fv2%2Fcomments&post=11"}],"version-history":[{"count":52,"href":"https:\/\/motorradinstruktor.com\/index.php?rest_route=\/wp\/v2\/pages\/11\/revisions"}],"predecessor-version":[{"id":265,"href":"https:\/\/motorradinstruktor.com\/index.php?rest_route=\/wp\/v2\/pages\/11\/revisions\/265"}],"wp:attachment":[{"href":"https:\/\/motorradinstruktor.com\/index.php?rest_route=%2Fwp%2Fv2%2Fmedia&parent=11"}],"curies":[{"name":"wp","href":"https:\/\/api.w.org\/{rel}","templated":true}]}}