{"id":13,"date":"2020-05-11T16:01:27","date_gmt":"2020-05-11T16:01:27","guid":{"rendered":"http:\/\/motorradinstruktor.com\/?page_id=13"},"modified":"2025-04-01T15:32:12","modified_gmt":"2025-04-01T15:32:12","slug":"reisen","status":"publish","type":"page","link":"https:\/\/motorradinstruktor.com\/?page_id=13","title":{"rendered":"TRAINING UND REISEN"},"content":{"rendered":"<p><img loading=\"lazy\" decoding=\"async\" class=\"alignnone  wp-image-182\" src=\"http:\/\/motorradinstruktor.com\/wp-content\/uploads\/2023\/10\/Logo-Suedtirol-png-300x162.png\" alt=\"\" width=\"113\" height=\"61\" srcset=\"https:\/\/motorradinstruktor.com\/wp-content\/uploads\/2023\/10\/Logo-Suedtirol-png-300x162.png 300w, https:\/\/motorradinstruktor.com\/wp-content\/uploads\/2023\/10\/Logo-Suedtirol-png.png 305w\" sizes=\"auto, (max-width: 113px) 100vw, 113px\" \/><img loading=\"lazy\" decoding=\"async\" class=\"alignnone  wp-image-183\" src=\"http:\/\/motorradinstruktor.com\/wp-content\/uploads\/2023\/10\/Logo-Dolomites-Tour-Ride-png-frei-png-300x300.png\" alt=\"\" width=\"75\" height=\"75\" srcset=\"https:\/\/motorradinstruktor.com\/wp-content\/uploads\/2023\/10\/Logo-Dolomites-Tour-Ride-png-frei-png-300x300.png 300w, https:\/\/motorradinstruktor.com\/wp-content\/uploads\/2023\/10\/Logo-Dolomites-Tour-Ride-png-frei-png-150x150.png 150w, https:\/\/motorradinstruktor.com\/wp-content\/uploads\/2023\/10\/Logo-Dolomites-Tour-Ride-png-frei-png-100x100.png 100w, https:\/\/motorradinstruktor.com\/wp-content\/uploads\/2023\/10\/Logo-Dolomites-Tour-Ride-png-frei-png.png 745w\" sizes=\"auto, (max-width: 75px) 100vw, 75px\" \/><img loading=\"lazy\" decoding=\"async\" class=\"alignnone  wp-image-184\" src=\"http:\/\/motorradinstruktor.com\/wp-content\/uploads\/2023\/10\/BMW-Motorcycle-Logo-768x896-1-257x300.png\" alt=\"\" width=\"62\" height=\"72\" srcset=\"https:\/\/motorradinstruktor.com\/wp-content\/uploads\/2023\/10\/BMW-Motorcycle-Logo-768x896-1-257x300.png 257w, https:\/\/motorradinstruktor.com\/wp-content\/uploads\/2023\/10\/BMW-Motorcycle-Logo-768x896-1.png 768w\" sizes=\"auto, (max-width: 62px) 100vw, 62px\" \/> <img loading=\"lazy\" decoding=\"async\" class=\"alignnone  wp-image-185\" src=\"http:\/\/motorradinstruktor.com\/wp-content\/uploads\/2023\/10\/Logo-Almhof-Call.jpg\" alt=\"\" width=\"103\" height=\"61\" \/><\/p>\n<h2>Auch in 2025 haben wir tolle Events f\u00fcr Euch!<\/h2>\n<h2><strong>Aktuelle Termine f\u00fcr 2025:<\/strong><\/h2>\n<h3><span style=\"color: #0000ff;\">Unser S\u00fcdtirol Fr\u00fchjahrs-Event &#8222;Passk\u00f6nig der Dolomiten&#8220;<\/span><\/h3>\n<ul>\n<li>St. Vigil am Kronplatz im &#8222;Almhof Call&#8220;<\/li>\n<\/ul>\n<p style=\"padding-left: 40px;\">2 Termine m\u00f6glich! <strong>25.05.-30.05.2025 oder 01.06.-06.06.2025<\/strong><\/p>\n<p><strong><em>Details<\/em><\/strong>:<\/p>\n<p><strong>Dauer<\/strong>=6 Tage\/5 Ganztagestouren<\/p>\n<p><strong>Ort<\/strong>=Almhof Call in St. Vigil \/\/ Gerne \u00fcbernehmen wir f\u00fcr Euch die Buchung falls gew\u00fcnscht!<\/p>\n<p><strong>Teilnehmer<\/strong>=maximal 8 Personen<\/p>\n<p><strong>Kosten<\/strong>=400\u20ac (nur Training; Hotel und etc. alles extra auf eigene Kosten!)<\/p>\n<p><span style=\"color: #ff0000;\"><b><i><strong><em>Status April 2025: <\/em><\/strong><\/i><\/b><\/span><\/p>\n<p><span style=\"color: #ff0000;\"><b><i><strong><em>1 Platz 25.05.-30.05.2025 verf\u00fcgbar!<\/em><\/strong><\/i><\/b><\/span><\/p>\n<p><span style=\"color: #ff0000;\"><b><i><strong><em>2 Pl\u00e4tze 01.06.-06.06.2025 verf\u00fcgbar!<\/em><\/strong><\/i><\/b><\/span><\/p>\n<hr \/>\n<h3><span style=\"color: #0000ff;\">Unser S\u00fcdtirol Herbst-Event &#8222;Dolomiten-Touren&#8220;<\/span><\/h3>\n<ul>\n<li>St. Vigil am Kronplatz im &#8222;Almhof Call&#8220;<\/li>\n<\/ul>\n<p style=\"padding-left: 40px;\">1 Termin m\u00f6glich! <strong>28.09.-03.10.2025<\/strong><\/p>\n<p><strong><em>Details<\/em><\/strong>:<\/p>\n<p><strong>Dauer<\/strong>=6 Tage\/5 Ganztagestouren<\/p>\n<p><strong>Ort<\/strong>=Almhof Call in St. Vigil \/\/ Gerne \u00fcbernehmen wir f\u00fcr Euch die Buchung falls gew\u00fcnscht!<\/p>\n<p><strong>Teilnehmer<\/strong>=maximal 8 Personen<\/p>\n<p><strong>Kosten<\/strong>=400\u20ac (nur Training; Hotel und etc. alles extra auf eigene Kosten!)<\/p>\n<p><span style=\"color: #ff0000;\"><b><i><strong><em>Status April 2025: 2 Pl\u00e4tze verf\u00fcgbar!<\/em><\/strong><\/i><\/b><\/span><\/p>\n<hr \/>\n<h1><strong>Konzept Training und Reisen<\/strong><\/h1>\n<figure class=\"wp-block-image size-large is-resized\"><img loading=\"lazy\" decoding=\"async\" width=\"1024\" height=\"768\" class=\"wp-image-23\" style=\"width: 521px; height: 390px;\" src=\"http:\/\/motorradinstruktor.com\/wp-content\/uploads\/2020\/05\/IMG_9397-1024x768.jpeg\" alt=\"\" srcset=\"https:\/\/motorradinstruktor.com\/wp-content\/uploads\/2020\/05\/IMG_9397-1024x768.jpeg 1024w, https:\/\/motorradinstruktor.com\/wp-content\/uploads\/2020\/05\/IMG_9397-300x225.jpeg 300w, https:\/\/motorradinstruktor.com\/wp-content\/uploads\/2020\/05\/IMG_9397-768x576.jpeg 768w, https:\/\/motorradinstruktor.com\/wp-content\/uploads\/2020\/05\/IMG_9397-1536x1152.jpeg 1536w, https:\/\/motorradinstruktor.com\/wp-content\/uploads\/2020\/05\/IMG_9397-2048x1536.jpeg 2048w\" sizes=\"auto, (max-width: 767px) 89vw, (max-width: 1000px) 54vw, (max-width: 1071px) 543px, 580px\" \/><figcaption class=\"wp-element-caption\">GRUPPENTRAINING IN DEN DOLOMITEN<\/figcaption><\/figure>\n<h3><em>&#8222;Passk\u00f6nig der Dolomiten&#8220;<\/em><\/h3>\n<p>Einmal pro Jahr f\u00fchren wir ausgehend von St. Vigil am Kronplatz-Italien f\u00fcr jeweils mindestens 5 gef\u00fchrte Touren (max. 8 Teilnehmer) den Passk\u00f6nig der Dolomiten durch: alle 36 Dolomiten P\u00e4sse werden gefahren! Ein MEGA Event!<\/p>\n<p>Bei Interesse kurze Mail an <strong>motorradinstruktor@gmx. de<\/strong> oder <strong>thomas.gruenter@web.de<\/strong> zur individuellen R\u00fccksprache<\/p>\n<h4>Ablauf:<\/h4>\n<ul>\n<li><span style=\"font-size: 1rem;\">Anreise am Samstag bevorzugt.<\/span><\/li>\n<li><span style=\"font-size: revert;\">Briefing zum Start des Programms<\/span><\/li>\n<li><span style=\"font-size: 1rem;\">Basis der Touren ist immer Almhof Call in ST. VIGIL, wir erstellen f\u00fcr Euch\u00a0<\/span><span style=\"font-size: revert;\">ein individuelles Angebot und\u00a0<\/span><span style=\"font-size: 1rem;\">buchen Euch ein!<\/span><\/li>\n<li>In der Regel fahren wir die 36 P\u00e4sse in 5 Tagestouren, andere Formen (3 oder 4 Tage) sind nach Absprache m\u00f6glich!<\/li>\n<\/ul>\n<h4>Leistungen:<\/h4>\n<ul>\n<li>Roadbook und Event-Shirt<\/li>\n<li>Mind. 5 gef\u00fchrte Touren pro Woche f\u00fcr die 36 Dolomitenp\u00e4sse<\/li>\n<li>Im Rahmen der Touren Tips&amp;Tricks zum besseren Motorradfahren<\/li>\n<li>Videoanalyse und mehrere interessante Vortr\u00e4ge zum Thema Motorrad am Abend<\/li>\n<li>Preis: wird individuell je nach Umfang der Instruktion im Vorfeld vereinbart!<\/li>\n<\/ul>\n<h3><em>&#8222;Dolomiten-Touren&#8220;<\/em><\/h3>\n<p>Einmal pro Jahr f\u00fchren wir ausgehend von St. Vigil am Kronplatz-Italien f\u00fcr 4 gef\u00fchrte Touren (max. 8 Teilnehmer) in S\u00fcdtirol durch mit Schwerpunkt Dolomiten.<\/p>\n<h4>Ablauf:<\/h4>\n<ul>\n<li>Anreise am Samstag bevorzugt.<\/li>\n<li>Briefing zum Start des Programms<\/li>\n<li>Basis der Touren ist immer Almhof Call in ST. VIGIL, wir erstellen f\u00fcr Euch\u00a0ein individuelles Angebot und\u00a0buchen Euch ein!<\/li>\n<li>In der Regel fahren wir 4 Tagestouren und zeigen Euch tolle Stra\u00dfen und Orte!<\/li>\n<\/ul>\n<h4>Leistungen:<\/h4>\n<ul>\n<li>Roadbook und Event-Shirt<\/li>\n<li>4 gef\u00fchrte Touren pro Woche<\/li>\n<li>Im Rahmen der Touren Tips&amp;Tricks zum besseren Motorradfahren<\/li>\n<li>Videoanalyse und mehrere interessante Vortr\u00e4ge zum Thema Motorrad am Abend<\/li>\n<li>Preis: wird individuell je nach Umfang der Instruktion im Vorfeld vereinbart!<\/li>\n<\/ul>\n<hr \/>\n<p>Ein paar Impressionen von vergangenen Events der letzten Jahre!<\/p>\n<p><img loading=\"lazy\" decoding=\"async\" class=\"alignnone  wp-image-193\" src=\"http:\/\/motorradinstruktor.com\/wp-content\/uploads\/2023\/10\/MMRJ7844-300x169.jpeg\" alt=\"\" width=\"298\" height=\"168\" srcset=\"https:\/\/motorradinstruktor.com\/wp-content\/uploads\/2023\/10\/MMRJ7844-300x169.jpeg 300w, https:\/\/motorradinstruktor.com\/wp-content\/uploads\/2023\/10\/MMRJ7844-1024x576.jpeg 1024w, https:\/\/motorradinstruktor.com\/wp-content\/uploads\/2023\/10\/MMRJ7844-768x432.jpeg 768w, https:\/\/motorradinstruktor.com\/wp-content\/uploads\/2023\/10\/MMRJ7844-1536x864.jpeg 1536w, https:\/\/motorradinstruktor.com\/wp-content\/uploads\/2023\/10\/MMRJ7844-2048x1152.jpeg 2048w\" sizes=\"auto, (max-width: 298px) 100vw, 298px\" \/><\/p>\n<p><img loading=\"lazy\" decoding=\"async\" class=\"alignnone size-medium wp-image-189\" src=\"http:\/\/motorradinstruktor.com\/wp-content\/uploads\/2023\/10\/IMG_0643-300x277.jpeg\" alt=\"\" width=\"300\" height=\"277\" srcset=\"https:\/\/motorradinstruktor.com\/wp-content\/uploads\/2023\/10\/IMG_0643-300x277.jpeg 300w, https:\/\/motorradinstruktor.com\/wp-content\/uploads\/2023\/10\/IMG_0643-1024x944.jpeg 1024w, https:\/\/motorradinstruktor.com\/wp-content\/uploads\/2023\/10\/IMG_0643-768x708.jpeg 768w, https:\/\/motorradinstruktor.com\/wp-content\/uploads\/2023\/10\/IMG_0643.jpeg 1242w\" sizes=\"auto, (max-width: 300px) 100vw, 300px\" \/><\/p>\n<p><img loading=\"lazy\" decoding=\"async\" class=\"alignnone size-medium wp-image-188\" src=\"http:\/\/motorradinstruktor.com\/wp-content\/uploads\/2023\/10\/IMG_0460-300x225.jpeg\" alt=\"\" width=\"300\" height=\"225\" srcset=\"https:\/\/motorradinstruktor.com\/wp-content\/uploads\/2023\/10\/IMG_0460-300x225.jpeg 300w, https:\/\/motorradinstruktor.com\/wp-content\/uploads\/2023\/10\/IMG_0460-1024x768.jpeg 1024w, https:\/\/motorradinstruktor.com\/wp-content\/uploads\/2023\/10\/IMG_0460-768x576.jpeg 768w, https:\/\/motorradinstruktor.com\/wp-content\/uploads\/2023\/10\/IMG_0460-1536x1152.jpeg 1536w, https:\/\/motorradinstruktor.com\/wp-content\/uploads\/2023\/10\/IMG_0460-2048x1536.jpeg 2048w\" sizes=\"auto, (max-width: 300px) 100vw, 300px\" \/><\/p>\n<p><img loading=\"lazy\" decoding=\"async\" class=\"alignnone size-medium wp-image-190\" src=\"http:\/\/motorradinstruktor.com\/wp-content\/uploads\/2023\/10\/IMG_2168-300x225.jpeg\" alt=\"\" width=\"300\" height=\"225\" srcset=\"https:\/\/motorradinstruktor.com\/wp-content\/uploads\/2023\/10\/IMG_2168-300x225.jpeg 300w, https:\/\/motorradinstruktor.com\/wp-content\/uploads\/2023\/10\/IMG_2168-1024x768.jpeg 1024w, https:\/\/motorradinstruktor.com\/wp-content\/uploads\/2023\/10\/IMG_2168-768x576.jpeg 768w, https:\/\/motorradinstruktor.com\/wp-content\/uploads\/2023\/10\/IMG_2168-1536x1152.jpeg 1536w, https:\/\/motorradinstruktor.com\/wp-content\/uploads\/2023\/10\/IMG_2168-2048x1536.jpeg 2048w\" sizes=\"auto, (max-width: 300px) 100vw, 300px\" \/><\/p>\n","protected":false},"excerpt":{"rendered":"<p>Auch in 2025 haben wir tolle Events f\u00fcr Euch! Aktuelle Termine f\u00fcr 2025: Unser S\u00fcdtirol Fr\u00fchjahrs-Event &#8222;Passk\u00f6nig der Dolomiten&#8220; St. Vigil am Kronplatz im &#8222;Almhof Call&#8220; 2 Termine m\u00f6glich! 25.05.-30.05.2025 oder 01.06.-06.06.2025 Details: Dauer=6 Tage\/5 Ganztagestouren Ort=Almhof Call in St. Vigil \/\/ Gerne \u00fcbernehmen wir f\u00fcr Euch die Buchung falls gew\u00fcnscht! Teilnehmer=maximal 8 Personen Kosten=400\u20ac &hellip; <\/p>\n<p class=\"link-more\"><a href=\"https:\/\/motorradinstruktor.com\/?page_id=13\" class=\"more-link\"><span class=\"screen-reader-text\">\u201eTRAINING UND REISEN\u201c<\/span> weiterlesen<\/a><\/p>\n","protected":false},"author":1,"featured_media":0,"parent":0,"menu_order":0,"comment_status":"closed","ping_status":"closed","template":"","meta":{"footnotes":""},"class_list":["post-13","page","type-page","status-publish","hentry"],"_links":{"self":[{"href":"https:\/\/motorradinstruktor.com\/index.php?rest_route=\/wp\/v2\/pages\/13","targetHints":{"allow":["GET"]}}],"collection":[{"href":"https:\/\/motorradinstruktor.com\/index.php?rest_route=\/wp\/v2\/pages"}],"about":[{"href":"https:\/\/motorradinstruktor.com\/index.php?rest_route=\/wp\/v2\/types\/page"}],"author":[{"embeddable":true,"href":"https:\/\/motorradinstruktor.com\/index.php?rest_route=\/wp\/v2\/users\/1"}],"replies":[{"embeddable":true,"href":"https:\/\/motorradinstruktor.com\/index.php?rest_route=%2Fwp%2Fv2%2Fcomments&post=13"}],"version-history":[{"count":37,"href":"https:\/\/motorradinstruktor.com\/index.php?rest_route=\/wp\/v2\/pages\/13\/revisions"}],"predecessor-version":[{"id":264,"href":"https:\/\/motorradinstruktor.com\/index.php?rest_route=\/wp\/v2\/pages\/13\/revisions\/264"}],"wp:attachment":[{"href":"https:\/\/motorradinstruktor.com\/index.php?rest_route=%2Fwp%2Fv2%2Fmedia&parent=13"}],"curies":[{"name":"wp","href":"https:\/\/api.w.org\/{rel}","templated":true}]}}