{"id":25,"date":"2020-05-11T16:24:08","date_gmt":"2020-05-11T16:24:08","guid":{"rendered":"http:\/\/motorradinstruktor.com\/?page_id=25"},"modified":"2025-04-01T15:05:45","modified_gmt":"2025-04-01T15:05:45","slug":"impressum","status":"publish","type":"page","link":"https:\/\/motorradinstruktor.com\/?page_id=25","title":{"rendered":"IMPRESSUM"},"content":{"rendered":"\n<p>Thomas Gr\u00fcnter, geb. am 01.07.1973<\/p>\n\n\n<p><strong>Seit fast 20 Jahren freiberuflicher Motorradinstruktor insbesondere f\u00fcr das MOTORRAD Action Team-Motor Presse Stuttgart<\/strong><\/p>\n<p>Ausbildung:<\/p>\n<ul>\n<li>Diplom-Ingenieur (FH) Maschinenbau Fahrzeugtechnik<\/li>\n<li><span style=\"font-size: revert;\">Diplom-Wirtschaftsingenieur (FH) Schwerpunkt Unternehmensf\u00fchrung<\/span><\/li>\n<li><span style=\"font-size: revert;\">Master of Science in industrial engineering (University of Louisville, KY, USA)<\/span><\/li>\n<\/ul>\n<p>T\u00e4tig seit \u00fcber 25 Jahren bei namhaften Unternehmen der Automobilindustrie in Bayern und Baden-W\u00fcrttemberg<\/p>\n<p>Derzeit wohnhaft in der sch\u00f6nen Barockstadt Ludwigsburg<\/p>\n<p>Kontakt: <strong>motorradinstruktor@gmx.de<\/strong> oder <strong data-rich-text-format-boundary=\"true\">thomas.gruenter@web.de<\/strong><\/p>\n\n\n<p>Steuernummer 71094\/40035, Steuer-Identnummer: 91 805 367 254<\/p>\n\n\n\n<p><\/p>\n","protected":false},"excerpt":{"rendered":"<p>Thomas Gr\u00fcnter, geb. am 01.07.1973 Seit fast 20 Jahren freiberuflicher Motorradinstruktor insbesondere f\u00fcr das MOTORRAD Action Team-Motor Presse Stuttgart Ausbildung: Diplom-Ingenieur (FH) Maschinenbau Fahrzeugtechnik Diplom-Wirtschaftsingenieur (FH) Schwerpunkt Unternehmensf\u00fchrung Master of Science in industrial engineering (University of Louisville, KY, USA) T\u00e4tig seit \u00fcber 25 Jahren bei namhaften Unternehmen der Automobilindustrie in Bayern und Baden-W\u00fcrttemberg Derzeit wohnhaft &hellip; <\/p>\n<p class=\"link-more\"><a href=\"https:\/\/motorradinstruktor.com\/?page_id=25\" class=\"more-link\"><span class=\"screen-reader-text\">\u201eIMPRESSUM\u201c<\/span> weiterlesen<\/a><\/p>\n","protected":false},"author":1,"featured_media":0,"parent":0,"menu_order":0,"comment_status":"closed","ping_status":"closed","template":"","meta":{"footnotes":""},"class_list":["post-25","page","type-page","status-publish","hentry"],"_links":{"self":[{"href":"https:\/\/motorradinstruktor.com\/index.php?rest_route=\/wp\/v2\/pages\/25","targetHints":{"allow":["GET"]}}],"collection":[{"href":"https:\/\/motorradinstruktor.com\/index.php?rest_route=\/wp\/v2\/pages"}],"about":[{"href":"https:\/\/motorradinstruktor.com\/index.php?rest_route=\/wp\/v2\/types\/page"}],"author":[{"embeddable":true,"href":"https:\/\/motorradinstruktor.com\/index.php?rest_route=\/wp\/v2\/users\/1"}],"replies":[{"embeddable":true,"href":"https:\/\/motorradinstruktor.com\/index.php?rest_route=%2Fwp%2Fv2%2Fcomments&post=25"}],"version-history":[{"count":7,"href":"https:\/\/motorradinstruktor.com\/index.php?rest_route=\/wp\/v2\/pages\/25\/revisions"}],"predecessor-version":[{"id":245,"href":"https:\/\/motorradinstruktor.com\/index.php?rest_route=\/wp\/v2\/pages\/25\/revisions\/245"}],"wp:attachment":[{"href":"https:\/\/motorradinstruktor.com\/index.php?rest_route=%2Fwp%2Fv2%2Fmedia&parent=25"}],"curies":[{"name":"wp","href":"https:\/\/api.w.org\/{rel}","templated":true}]}}