{"id":49,"date":"2021-01-03T11:26:14","date_gmt":"2021-01-03T11:26:14","guid":{"rendered":"http:\/\/motorradinstruktor.com\/?page_id=49"},"modified":"2025-04-01T15:35:11","modified_gmt":"2025-04-01T15:35:11","slug":"ueber-uns","status":"publish","type":"page","link":"https:\/\/motorradinstruktor.com\/","title":{"rendered":"Die Trainings-Saison 2025 l\u00e4uft, seid dabei!"},"content":{"rendered":"\n<p>Bitte meldet Euch einfach auf <strong>motorradinstruktor@gmx. de<\/strong> oder\u00a0<strong>thomas.gruenter@web.de<\/strong> und fragt nach eventuellen \u00c4nderungen, es ergibt sich immer schnell was!<\/p>\n\n\n\n<h2 class=\"wp-block-heading has-large-font-size\">\u00dcber uns<\/h2>\n\n\n\n<p>Seit 2018 sind wir mit unserem individuellen Trainingskonzept am Start!<\/p>\n\n\n\n<p>Unser Trainingskonzept und Schwerpunkte sind:<\/p>\n\n\n<h4><span style=\"color: #0000ff;\">Training und Reisen (S\u00fcdtirol):<\/span><\/h4>\n<ul>\n<li>&#8222;Pa\u00dfk\u00f6nig der Dolomiten&#8220;: mindestens 5 Tage gef\u00fchrte Motorradtouren in einer Event-Woche mit allen 36 Dolomiten-P\u00e4ssen. Immer im Fr\u00fchjahr Ende Mai, Anfang Juni (2 Wochen, also 2 Event-Wochen)!<\/li>\n<li>&#8222;Dolomiten-Touren&#8220;: 4\u00a0gef\u00fchrte Motorradtouren in einer Event-Woche mit tollen Stra\u00dfen und Orten in S\u00fcdtirol (2 Wochen, also 2 Event-Wochen)!<\/li>\n<\/ul>\n<p>Homebase ist immer das 4*S Hotel Almhof Call in St. Vigil, in dem sogar BMW Motorr\u00e4der im Sinne einer Probefahrt ausgeliehen werden k\u00f6nnen!<\/p>\n<hr \/>\n<h4><span style=\"color: #0000ff;\">Training auf der Rennstrecke:<\/span><\/h4>\n<ul>\n<li>Trainings auf der Rennstrecke: im Rahmen von Veranstaltungen namhafter Anbieter oder auf privaten Events wird in kleinsten Gruppen von max. 2 Teilnehmern gefahren.<\/li>\n<\/ul>\n<hr \/>\n<h4><span style=\"color: #0000ff;\">Kurztraining (Region Stuttgart oder Bodensee):<\/span><\/h4>\n<ul>\n<li>Kurz-Trainings: im Umfeld der Region Stuttgart oder Bodensee in Absprache erfolgt im Rahmen von Tagestouren eine Instruktion.<\/li>\n<\/ul>","protected":false},"excerpt":{"rendered":"<p>Bitte meldet Euch einfach auf motorradinstruktor@gmx. de oder\u00a0thomas.gruenter@web.de und fragt nach eventuellen \u00c4nderungen, es ergibt sich immer schnell was! \u00dcber uns Seit 2018 sind wir mit unserem individuellen Trainingskonzept am Start! Unser Trainingskonzept und Schwerpunkte sind: Training und Reisen (S\u00fcdtirol): &#8222;Pa\u00dfk\u00f6nig der Dolomiten&#8220;: mindestens 5 Tage gef\u00fchrte Motorradtouren in einer Event-Woche mit allen 36 Dolomiten-P\u00e4ssen. &hellip; <\/p>\n<p class=\"link-more\"><a href=\"https:\/\/motorradinstruktor.com\/\" class=\"more-link\"><span class=\"screen-reader-text\">\u201eDie Trainings-Saison 2025 l\u00e4uft, seid dabei!\u201c<\/span> weiterlesen<\/a><\/p>\n","protected":false},"author":1,"featured_media":0,"parent":0,"menu_order":0,"comment_status":"closed","ping_status":"closed","template":"","meta":{"footnotes":""},"class_list":["post-49","page","type-page","status-publish","hentry"],"_links":{"self":[{"href":"https:\/\/motorradinstruktor.com\/index.php?rest_route=\/wp\/v2\/pages\/49","targetHints":{"allow":["GET"]}}],"collection":[{"href":"https:\/\/motorradinstruktor.com\/index.php?rest_route=\/wp\/v2\/pages"}],"about":[{"href":"https:\/\/motorradinstruktor.com\/index.php?rest_route=\/wp\/v2\/types\/page"}],"author":[{"embeddable":true,"href":"https:\/\/motorradinstruktor.com\/index.php?rest_route=\/wp\/v2\/users\/1"}],"replies":[{"embeddable":true,"href":"https:\/\/motorradinstruktor.com\/index.php?rest_route=%2Fwp%2Fv2%2Fcomments&post=49"}],"version-history":[{"count":22,"href":"https:\/\/motorradinstruktor.com\/index.php?rest_route=\/wp\/v2\/pages\/49\/revisions"}],"predecessor-version":[{"id":266,"href":"https:\/\/motorradinstruktor.com\/index.php?rest_route=\/wp\/v2\/pages\/49\/revisions\/266"}],"wp:attachment":[{"href":"https:\/\/motorradinstruktor.com\/index.php?rest_route=%2Fwp%2Fv2%2Fmedia&parent=49"}],"curies":[{"name":"wp","href":"https:\/\/api.w.org\/{rel}","templated":true}]}}